{"id":11,"date":"2020-01-31T15:41:27","date_gmt":"2020-01-31T14:41:27","guid":{"rendered":"https:\/\/zukunftswerkstatt-pro-vita.de\/?page_id=11"},"modified":"2024-06-04T20:24:37","modified_gmt":"2024-06-04T18:24:37","slug":"home","status":"publish","type":"page","link":"https:\/\/zukunftswerkstatt-pro-vita.de\/","title":{"rendered":"HOME"},"content":{"rendered":"<p>[et_pb_section fb_built=&#8220;1&#8243; fullwidth=&#8220;on&#8220; custom_padding_last_edited=&#8220;on|phone&#8220; _builder_version=&#8220;4.16&#8243; custom_padding_tablet=&#8220;&#8220; custom_padding_phone=&#8220;&#8220; box_shadow_style=&#8220;preset1&#8243; global_colors_info=&#8220;{}&#8220;][et_pb_fullwidth_slider show_arrows=&#8220;off&#8220; _builder_version=&#8220;4.16&#8243; header_font=&#8220;lato-700||||||||&#8220; header_font_size=&#8220;70px&#8220; header_letter_spacing=&#8220;1px&#8220; body_font=&#8220;lato-reg||||||||&#8220; body_font_size=&#8220;30px&#8220; body_letter_spacing=&#8220;1px&#8220; custom_padding=&#8220;300px||300px||true|false&#8220; custom_padding_tablet=&#8220;150px||150px||true|false&#8220; custom_padding_phone=&#8220;130px||200px||false|false&#8220; custom_padding_last_edited=&#8220;on|desktop&#8220; animation_style=&#8220;fade&#8220; animation_duration=&#8220;900ms&#8220; auto=&#8220;on&#8220; header_font_size_tablet=&#8220;50px&#8220; header_font_size_phone=&#8220;40px&#8220; header_font_size_last_edited=&#8220;on|desktop&#8220; global_colors_info=&#8220;{}&#8220; custom_padding__hover_enabled=&#8220;off|desktop&#8220;][et_pb_slide heading=&#8220;Coaching&#8220; _builder_version=&#8220;4.16&#8243; header_level=&#8220;h1&#8243; header_font=&#8220;lato-700|800|||||||&#8220; header_letter_spacing=&#8220;1px&#8220; background_image=&#8220;https:\/\/zukunftswerkstatt-pro-vita.de\/wp-content\/uploads\/2020\/06\/Startbild_quer.jpg&#8220; background_enable_image=&#8220;on&#8220; global_colors_info=&#8220;{}&#8220; sticky_transition=&#8220;on&#8220;]<\/p>\n<p style=\"text-align: center;\">in belastenden Situationen<\/p>\n<p>[\/et_pb_slide][et_pb_slide heading=&#8220;F\u00f6rderung&#8220; _builder_version=&#8220;4.16&#8243; header_level=&#8220;h1&#8243; header_font=&#8220;lato-700|800|||||||&#8220; header_letter_spacing=&#8220;1px&#8220; background_image=&#8220;https:\/\/zukunftswerkstatt-pro-vita.de\/wp-content\/uploads\/2020\/06\/Startbild_quer.jpg&#8220; background_enable_image=&#8220;on&#8220; global_colors_info=&#8220;{}&#8220; sticky_transition=&#8220;on&#8220;]<\/p>\n<p style=\"text-align: center;\">sozialer Kompetenzen bei Kindern und Jugendlichen<\/p>\n<p>[\/et_pb_slide][et_pb_slide heading=&#8220;AD(H)S  Training&#8220; _builder_version=&#8220;4.16&#8243; header_level=&#8220;h1&#8243; header_font=&#8220;lato-700|800|||||||&#8220; header_letter_spacing=&#8220;1px&#8220; background_image=&#8220;https:\/\/zukunftswerkstatt-pro-vita.de\/wp-content\/uploads\/2020\/06\/Startbild_quer.jpg&#8220; background_enable_image=&#8220;on&#8220; global_colors_info=&#8220;{}&#8220; sticky_transition=&#8220;on&#8220;]<\/p>\n<p style=\"text-align: center;\">f\u00fcr Kinder, Jugendliche und Erwachsene<\/p>\n<p>[\/et_pb_slide][et_pb_slide heading=&#8220;Systemisches Elterncoaching&#8220; _builder_version=&#8220;4.16&#8243; header_level=&#8220;h1&#8243; header_font=&#8220;lato-700|800|||||||&#8220; header_letter_spacing=&#8220;1px&#8220; background_image=&#8220;https:\/\/zukunftswerkstatt-pro-vita.de\/wp-content\/uploads\/2020\/06\/Startbild_quer.jpg&#8220; background_enable_image=&#8220;on&#8220; global_colors_info=&#8220;{}&#8220; sticky_transition=&#8220;on&#8220;][\/et_pb_slide][\/et_pb_fullwidth_slider][\/et_pb_section][et_pb_section fb_built=&#8220;1&#8243; _builder_version=&#8220;4.16&#8243; background_color=&#8220;#b9c704&#8243; custom_padding=&#8220;15px||5px|||&#8220; global_colors_info=&#8220;{}&#8220;][et_pb_row _builder_version=&#8220;4.16&#8243; custom_padding=&#8220;16px||8px|||&#8220; global_colors_info=&#8220;{}&#8220;][et_pb_column type=&#8220;4_4&#8243; _builder_version=&#8220;4.16&#8243; global_colors_info=&#8220;{}&#8220;][et_pb_text _builder_version=&#8220;4.16&#8243; text_font=&#8220;lato-700||||||||&#8220; header_font=&#8220;lato-700|700|||||||&#8220; header_font_size=&#8220;40px&#8220; header_letter_spacing=&#8220;1px&#8220; custom_margin=&#8220;||10px||false|false&#8220; custom_margin_tablet=&#8220;||8px||false|false&#8220; custom_margin_phone=&#8220;||6px||false|false&#8220; custom_margin_last_edited=&#8220;on|desktop&#8220; header_font_size_tablet=&#8220;32px&#8220; header_font_size_phone=&#8220;26px&#8220; header_font_size_last_edited=&#8220;on|desktop&#8220; global_colors_info=&#8220;{}&#8220;]<\/p>\n<h1 style=\"text-align: center;\"><span style=\"color: #ffffff;\">\u201eHilf mir, es selbst zu tun!\u201c<\/span><\/h1>\n<p>[\/et_pb_text][et_pb_text _builder_version=&#8220;4.16&#8243; text_font=&#8220;Lato||||||||&#8220; text_letter_spacing=&#8220;1px&#8220; header_3_font=&#8220;lato-reg||||||||&#8220; header_3_letter_spacing=&#8220;1px&#8220; header_3_font_size_tablet=&#8220;18px&#8220; header_3_font_size_phone=&#8220;16px&#8220; header_3_font_size_last_edited=&#8220;on|desktop&#8220; global_colors_info=&#8220;{}&#8220;]<\/p>\n<h3 style=\"text-align: center;\"><span style=\"color: #ffffff;\">Maria Montesorri<\/span><\/h3>\n<p>[\/et_pb_text][\/et_pb_column][\/et_pb_row][\/et_pb_section][et_pb_section fb_built=&#8220;1&#8243; _builder_version=&#8220;4.16&#8243; custom_padding=&#8220;40px||40px||true|&#8220; global_colors_info=&#8220;{}&#8220;][et_pb_row _builder_version=&#8220;4.16&#8243; global_colors_info=&#8220;{}&#8220;][et_pb_column type=&#8220;4_4&#8243; _builder_version=&#8220;4.16&#8243; global_colors_info=&#8220;{}&#8220;][et_pb_text _builder_version=&#8220;4.16&#8243; header_font=&#8220;lato-700|700|||||||&#8220; header_text_color=&#8220;#5584ac&#8220; header_font_size=&#8220;40px&#8220; header_letter_spacing=&#8220;1px&#8220; header_line_height=&#8220;1.3em&#8220; header_font_size_tablet=&#8220;34px&#8220; header_font_size_phone=&#8220;30px&#8220; header_font_size_last_edited=&#8220;on|phone&#8220; global_colors_info=&#8220;{}&#8220;]<\/p>\n<h1><strong>Herzlich Willkommen<\/strong><br \/> <strong>bei der zukunftswerkstatt PRO<\/strong>VITA<\/h1>\n<p>[\/et_pb_text][et_pb_text _builder_version=&#8220;4.16&#8243; text_font=&#8220;lato-reg||||||||&#8220; text_text_color=&#8220;#8e8e8e&#8220; text_font_size=&#8220;18px&#8220; text_letter_spacing=&#8220;1px&#8220; text_line_height=&#8220;1.8em&#8220; global_colors_info=&#8220;{}&#8220;]<\/p>\n<p>Ich begr\u00fc\u00dfe Sie herzlich auf meiner Website und m\u00f6chte Ihnen mit meinem Angebot, Hilfe, Unterst\u00fctzung und ein respektvolles Miteinander anbieten.<\/p>\n<p>Es liegt mir daran Kindern, Jugendlichen und Familien individuelle M\u00f6glichkeiten bei der Alltagsbew\u00e4ltigung anzubieten, der Kl\u00e4rung pers\u00f6nlicher und famili\u00e4rer Probleme und in Krisensituationen zu helfen.<\/p>\n<p>Die Beratung, das Coaching, ist auf Ihre Bed\u00fcrfnisse abgestimmt, denn der Schl\u00fcssel zur \u00dcberwindung von Krisen liegt meist bei jedem selbst.<\/p>\n<p>[\/et_pb_text][et_pb_text _builder_version=&#8220;4.16&#8243; header_3_font=&#8220;lato-700|800|||||||&#8220; header_3_text_color=&#8220;#5584ac&#8220; custom_padding=&#8220;20px||20px||true|false&#8220; global_colors_info=&#8220;{}&#8220;]<\/p>\n<h3>JETZT NEU: <span style=\"color: #8e8e8e;\">Beratungsangebot auch per VIDEO oder TELEFON m\u00f6glich!<\/span><\/h3>\n<p>[\/et_pb_text][\/et_pb_column][\/et_pb_row][\/et_pb_section][et_pb_section fb_built=&#8220;1&#8243; module_id=&#8220;ziele&#8220; _builder_version=&#8220;4.16&#8243; background_color=&#8220;#5584ac&#8220; custom_padding=&#8220;46px|||||&#8220; global_colors_info=&#8220;{}&#8220;][et_pb_row _builder_version=&#8220;4.16&#8243; global_colors_info=&#8220;{}&#8220;][et_pb_column type=&#8220;4_4&#8243; _builder_version=&#8220;4.16&#8243; global_colors_info=&#8220;{}&#8220;][et_pb_text _builder_version=&#8220;4.16&#8243; header_2_text_color=&#8220;#ffffff&#8220; header_2_font_size=&#8220;34px&#8220; header_2_letter_spacing=&#8220;1px&#8220; header_2_line_height=&#8220;1.4em&#8220; global_colors_info=&#8220;{}&#8220;]<\/p>\n<h2 style=\"text-align: center;\">&gt; <strong>Coaching<\/strong> in belastenden<br \/> Situationen<\/h2>\n<h2 style=\"text-align: center;\">&gt; <strong>F\u00f6rderung sozialer Kompetenzen<\/strong><\/h2>\n<h2 style=\"text-align: center;\">\u00a0\u00a0\u00a0\u00a0\u00a0\u00a0\u00a0 bei Kindern und Jugendlichen<\/h2>\n<h2 style=\"text-align: center;\">&gt; <strong>Systemisches Elterncoaching<\/strong><\/h2>\n<h2 style=\"text-align: center;\">&gt; <strong>AD(H)S\u00a0 &#8211; Training<\/strong> f\u00fcr Kinder,<\/h2>\n<h2 style=\"text-align: center;\">\u00a0\u00a0\u00a0\u00a0\u00a0\u00a0\u00a0 Jugendliche und Erwachsene<\/h2>\n<p>[\/et_pb_text][\/et_pb_column][\/et_pb_row][et_pb_row _builder_version=&#8220;4.16&#8243; global_colors_info=&#8220;{}&#8220;][et_pb_column type=&#8220;4_4&#8243; _builder_version=&#8220;4.16&#8243; global_colors_info=&#8220;{}&#8220;][et_pb_text _builder_version=&#8220;4.16&#8243; text_text_color=&#8220;#ffffff&#8220; text_font_size=&#8220;22px&#8220; text_letter_spacing=&#8220;1px&#8220; text_line_height=&#8220;1.8em&#8220; global_colors_info=&#8220;{}&#8220;]<\/p>\n<p style=\"text-align: center;\">Die Trainings werden auch in Gruppen angeboten.<br \/> Das Angebot der <strong>zukunftswerkstattPRO<\/strong>VITA muss privat gezahlt werden.<br \/> In Ausnahmef\u00e4llen besteht die M\u00f6glichkeit mit der Krankenkasse abzurechnen.<\/p>\n<p>[\/et_pb_text][et_pb_text _builder_version=&#8220;4.16&#8243; text_text_color=&#8220;#ffffff&#8220; text_font_size=&#8220;22px&#8220; text_letter_spacing=&#8220;1px&#8220; text_line_height=&#8220;1.8em&#8220; global_colors_info=&#8220;{}&#8220;]<\/p>\n<p style=\"text-align: center;\"><strong>Coachingr\u00e4ume in Wiesbaden<\/strong><\/p>\n<p style=\"text-align: center;\">ITF Wiesbaden<br \/>Mainzerstr. 50<br \/>65185 Wiesbaden<\/p>\n<p>[\/et_pb_text][et_pb_text _builder_version=&#8220;4.16&#8243; text_font=&#8220;lato-reg|800|||||||&#8220; text_font_size=&#8220;26px&#8220; global_colors_info=&#8220;{}&#8220;]<\/p>\n<p style=\"text-align: center;\"><strong><span style=\"color: #ffffff;\"><br \/>N<\/span><\/strong><strong><span style=\"color: #ffffff;\">ehmen Sie gerne Kontakt mit mir auf!<\/span><\/strong><\/p>\n<p style=\"text-align: center;\"><strong><span style=\"color: #ffffff;\">Telefonisch unter 0171 \/ 2833142 oder per E-Mail<\/span><\/strong><\/p>\n<p>[\/et_pb_text][et_pb_button button_url=&#8220;mailto:ute-hoehn@web.de&#8220; button_text=&#8220;E-Mail&#8220; button_alignment=&#8220;center&#8220; _builder_version=&#8220;4.16&#8243; custom_button=&#8220;on&#8220; button_text_color=&#8220;#b9c704&#8243; button_font=&#8220;lato-700||||||||&#8220; global_colors_info=&#8220;{}&#8220; button_border_color__hover_enabled=&#8220;on|desktop&#8220; button_border_color__hover=&#8220;#ffffff&#8220; button_text_color__hover_enabled=&#8220;on|desktop&#8220; button_text_color__hover=&#8220;#ffffff&#8220;][\/et_pb_button][\/et_pb_column][\/et_pb_row][\/et_pb_section][et_pb_section fb_built=&#8220;1&#8243; module_id=&#8220;person&#8220; _builder_version=&#8220;4.16&#8243; custom_padding=&#8220;40px|||||&#8220; global_colors_info=&#8220;{}&#8220;][et_pb_row column_structure=&#8220;1_4,1_2,1_4&#8243; _builder_version=&#8220;4.16&#8243; global_colors_info=&#8220;{}&#8220;][et_pb_column type=&#8220;1_4&#8243; _builder_version=&#8220;4.16&#8243; global_colors_info=&#8220;{}&#8220;][et_pb_image src=&#8220;https:\/\/zukunftswerkstatt-pro-vita.de\/wp-content\/uploads\/2020\/06\/foto-uh.png&#8220; title_text=&#8220;foto-uh&#8220; _builder_version=&#8220;4.16&#8243; width=&#8220;100%&#8220; width_tablet=&#8220;60%&#8220; width_phone=&#8220;&#8220; width_last_edited=&#8220;on|phone&#8220; module_alignment=&#8220;left&#8220; global_colors_info=&#8220;{}&#8220;][\/et_pb_image][\/et_pb_column][et_pb_column type=&#8220;1_2&#8243; _builder_version=&#8220;4.16&#8243; global_colors_info=&#8220;{}&#8220;][et_pb_text _builder_version=&#8220;4.16&#8243; text_text_color=&#8220;#8e8e8e&#8220; text_font_size=&#8220;20px&#8220; text_letter_spacing=&#8220;1px&#8220; text_line_height=&#8220;1.8em&#8220; global_colors_info=&#8220;{}&#8220;]<\/p>\n<p><span style=\"color: #5584ac;\"><strong>Zur Person<\/strong><\/span><\/p>\n<p><span style=\"color: #4d4d4d;\"><strong>Ute Katharina H\u00f6hn<\/strong><\/span><\/p>\n<p><span style=\"color: #4d4d4d;\">Jahrgang 1957<\/span><br \/> <span style=\"color: #4d4d4d;\"> verheiratet, vier erwachsene Kinder<\/span><\/p>\n<p><span style=\"color: #4d4d4d;\"><span style=\"color: #5584ac;\">\u2022<\/span> Psychologische Beraterin<\/span><br \/> <span style=\"color: #4d4d4d;\"><span style=\"color: #5584ac;\"> \u2022<\/span> Kinder-, Jugend- und Familienberaterin<\/span><br \/> <span style=\"color: #4d4d4d;\"><span style=\"color: #5584ac;\"> \u2022<\/span> Bildungsreferentin<\/span><\/p>\n<p>[\/et_pb_text][\/et_pb_column][et_pb_column type=&#8220;1_4&#8243; _builder_version=&#8220;4.16&#8243; global_colors_info=&#8220;{}&#8220;][et_pb_image src=&#8220;https:\/\/zukunftswerkstatt-pro-vita.de\/wp-content\/uploads\/2020\/06\/provita_logo.png&#8220; title_text=&#8220;provita_logo&#8220; _builder_version=&#8220;4.16&#8243; width=&#8220;85%&#8220; width_tablet=&#8220;50%&#8220; width_phone=&#8220;&#8220; width_last_edited=&#8220;on|phone&#8220; global_colors_info=&#8220;{}&#8220;][\/et_pb_image][\/et_pb_column][\/et_pb_row][et_pb_row _builder_version=&#8220;4.16&#8243; background_enable_image=&#8220;off&#8220; background_size=&#8220;initial&#8220; background_position=&#8220;bottom_right&#8220; global_colors_info=&#8220;{}&#8220;][et_pb_column type=&#8220;4_4&#8243; _builder_version=&#8220;4.16&#8243; global_colors_info=&#8220;{}&#8220;][et_pb_text _builder_version=&#8220;4.16&#8243; text_font=&#8220;lato-reg||||||||&#8220; text_text_color=&#8220;#000000&#8243; text_font_size=&#8220;20px&#8220; text_letter_spacing=&#8220;1px&#8220; text_line_height=&#8220;1.8em&#8220; background_image=&#8220;https:\/\/zukunftswerkstatt-pro-vita.de\/wp-content\/uploads\/2020\/06\/puzzleteile_new_5.jpg&#8220; background_size=&#8220;initial&#8220; background_position=&#8220;bottom_right&#8220; global_colors_info=&#8220;{}&#8220;]<\/p>\n<h3><span style=\"color: #5584ac;\"><strong>Ausbildung bzw. Fachausbildung<\/strong><\/span><\/h3>\n<p><span style=\"color: #5584ac;\">\u2022<\/span> Psychologische Beratung<br \/> <span style=\"color: #5584ac;\">\u2022<\/span> Kinder-, Jugend- und Familienberatung<br \/> <span style=\"color: #5584ac;\">\u2022<\/span> Systemisches Elterncoaching<br \/> <span style=\"color: #5584ac;\">\u2022<\/span> AD(H)S Coaching f\u00fcr Kinder, Jugendliche und Erwachsene<br \/> <span style=\"color: #5584ac;\">\u2022<\/span> Fallberatung<br \/> <span style=\"color: #5584ac;\">\u2022<\/span> Entspannungstrainerin<\/p>\n<h3><span style=\"color: #5584ac;\"><strong>Vita<\/strong><\/span><\/h3>\n<p><span style=\"color: #5584ac;\">\u2022<\/span> Mitarbeit in einer Beratungspraxis<br \/> <span style=\"color: #5584ac;\">\u2022<\/span> Trainerin im Bereich der sozialen Kompetenzen an einer Grundschule und in Berufsschulen<br \/> <span style=\"color: #5584ac;\">\u2022<\/span> Mitarbeit im Team der Salus Jugendhilfe<br \/> <span style=\"color: #5584ac;\">\u2022<\/span> und im Elternverein Autismus<\/p>\n<p>Bildungsreferentin f\u00fcr verschiedene Institutionen und Bildungstr\u00e4ger<\/p>\n<p>Mitglied im Verband Freier Psychotherapeuten,<br \/> Heilpraktiker f\u00fcr Psychotherapie und Psychologischer Berater<\/p>\n<p>[\/et_pb_text][\/et_pb_column][\/et_pb_row][\/et_pb_section][et_pb_section fb_built=&#8220;1&#8243; _builder_version=&#8220;4.3.1&#8243; background_color=&#8220;#5584ac&#8220; custom_padding=&#8220;0px||0px|||&#8220; global_module=&#8220;143&#8243; saved_tabs=&#8220;all&#8220; global_colors_info=&#8220;{}&#8220;][et_pb_row column_structure=&#8220;3_5,2_5&#8243; _builder_version=&#8220;4.16&#8243; global_colors_info=&#8220;{}&#8220;][et_pb_column type=&#8220;3_5&#8243; _builder_version=&#8220;4.16&#8243; global_colors_info=&#8220;{}&#8220;][et_pb_text _builder_version=&#8220;4.25.1&#8243; text_text_color=&#8220;#ffffff&#8220; text_letter_spacing=&#8220;1px&#8220; hover_enabled=&#8220;0&#8243; global_colors_info=&#8220;{}&#8220; sticky_enabled=&#8220;0&#8243;]<\/p>\n<p><strong>zukunftswerkstatt PRO<\/strong>VITA &#8211; Copyright 2024<\/p>\n<p>[\/et_pb_text][\/et_pb_column][et_pb_column type=&#8220;2_5&#8243; _builder_version=&#8220;4.16&#8243; global_colors_info=&#8220;{}&#8220;][et_pb_text _builder_version=&#8220;4.16&#8243; text_text_color=&#8220;#ffffff&#8220; global_colors_info=&#8220;{}&#8220;]<\/p>\n<p><span style=\"color: #ffffff;\"><a href=\"mailto:ute-hoehn@web.de\" style=\"color: #ffffff;\">Kontakt<\/a><\/span>\u00a0\u00a0 <span style=\"color: #ffffff;\"><a href=\"https:\/\/zukunftswerkstatt-pro-vita.de\/?page_id=52\" style=\"color: #ffffff;\">Impressum<\/a><\/span>\u00a0\u00a0 <span style=\"color: #ffffff;\"><a href=\"https:\/\/zukunftswerkstatt-pro-vita.de\/?page_id=161\" style=\"color: #ffffff;\">Datenschutz<\/a><\/span><\/p>\n<p>[\/et_pb_text][\/et_pb_column][\/et_pb_row][\/et_pb_section]<\/p>\n","protected":false},"excerpt":{"rendered":"<p>in belastenden Situationensozialer Kompetenzen bei Kindern und Jugendlichenf\u00fcr Kinder, Jugendliche und Erwachsene\u201eHilf mir, es selbst zu tun!\u201cMaria MontesorriHerzlich Willkommen bei der zukunftswerkstatt PROVITAIch begr\u00fc\u00dfe Sie herzlich auf meiner Website und m\u00f6chte Ihnen mit meinem Angebot, Hilfe, Unterst\u00fctzung und ein respektvolles Miteinander anbieten. Es liegt mir daran Kindern, Jugendlichen und Familien individuelle M\u00f6glichkeiten bei der Alltagsbew\u00e4ltigung [&hellip;]<\/p>\n","protected":false},"author":1,"featured_media":0,"parent":0,"menu_order":0,"comment_status":"closed","ping_status":"closed","template":"","meta":{"_et_pb_use_builder":"on","_et_pb_old_content":"","_et_gb_content_width":"","footnotes":""},"class_list":["post-11","page","type-page","status-publish","hentry"],"_links":{"self":[{"href":"https:\/\/zukunftswerkstatt-pro-vita.de\/index.php?rest_route=\/wp\/v2\/pages\/11","targetHints":{"allow":["GET"]}}],"collection":[{"href":"https:\/\/zukunftswerkstatt-pro-vita.de\/index.php?rest_route=\/wp\/v2\/pages"}],"about":[{"href":"https:\/\/zukunftswerkstatt-pro-vita.de\/index.php?rest_route=\/wp\/v2\/types\/page"}],"author":[{"embeddable":true,"href":"https:\/\/zukunftswerkstatt-pro-vita.de\/index.php?rest_route=\/wp\/v2\/users\/1"}],"replies":[{"embeddable":true,"href":"https:\/\/zukunftswerkstatt-pro-vita.de\/index.php?rest_route=%2Fwp%2Fv2%2Fcomments&post=11"}],"version-history":[{"count":81,"href":"https:\/\/zukunftswerkstatt-pro-vita.de\/index.php?rest_route=\/wp\/v2\/pages\/11\/revisions"}],"predecessor-version":[{"id":280,"href":"https:\/\/zukunftswerkstatt-pro-vita.de\/index.php?rest_route=\/wp\/v2\/pages\/11\/revisions\/280"}],"wp:attachment":[{"href":"https:\/\/zukunftswerkstatt-pro-vita.de\/index.php?rest_route=%2Fwp%2Fv2%2Fmedia&parent=11"}],"curies":[{"name":"wp","href":"https:\/\/api.w.org\/{rel}","templated":true}]}}